{"id":1666,"date":"2025-07-03T11:45:05","date_gmt":"2025-07-03T14:45:05","guid":{"rendered":"https:\/\/mindsetreprogramado.com\/?page_id=1666"},"modified":"2025-07-03T11:46:15","modified_gmt":"2025-07-03T14:46:15","slug":"gracias-por-adquirir-el-libro-electronico-reprogramate-para-el-exito","status":"publish","type":"page","link":"https:\/\/mindsetreprogramado.com\/es\/obrigado-por-comprar-o-ebook-reprograme-se-para-o-sucesso\/","title":{"rendered":"Gracias por adquirir el libro electr\u00f3nico Reprogramate para el \u00e9xito"},"content":{"rendered":"<div data-elementor-type=\"wp-page\" data-elementor-id=\"1666\" class=\"elementor elementor-1666\" data-elementor-post-type=\"page\">\n\t\t\t\t<div data-particle_enable=\"false\" data-particle-mobile-disabled=\"false\" class=\"elementor-element elementor-element-be37b3f e-flex e-con-boxed e-con e-parent\" data-id=\"be37b3f\" data-element_type=\"container\" data-e-type=\"container\" data-settings=\"{&quot;background_background&quot;:&quot;classic&quot;}\">\n\t\t\t\t\t<div class=\"e-con-inner\">\n\t\t\t\t<div class=\"elementor-element elementor-element-8095622 elementor-widget elementor-widget-heading\" data-id=\"8095622\" data-element_type=\"widget\" data-e-type=\"widget\" data-widget_type=\"heading.default\">\n\t\t\t\t<div class=\"elementor-widget-container\">\n\t\t\t\t\t<h2 class=\"elementor-heading-title elementor-size-default\">\u00a1Felicidades por tu decisi\u00f3n! \u00a1Acabamos de recibir tu solicitud!<\/h2>\t\t\t\t<\/div>\n\t\t\t\t<\/div>\n\t\t\t\t\t<\/div>\n\t\t\t\t<\/div>\n\t\t<div data-particle_enable=\"false\" data-particle-mobile-disabled=\"false\" class=\"elementor-element elementor-element-4cd19be e-flex e-con-boxed e-con e-parent\" data-id=\"4cd19be\" data-element_type=\"container\" data-e-type=\"container\">\n\t\t\t\t\t<div class=\"e-con-inner\">\n\t\t\t\t<div class=\"elementor-element elementor-element-6d9f38c elementor-widget elementor-widget-image\" data-id=\"6d9f38c\" data-element_type=\"widget\" data-e-type=\"widget\" data-widget_type=\"image.default\">\n\t\t\t\t<div class=\"elementor-widget-container\">\n\t\t\t\t\t\t\t\t\t\t\t\t\t\t\t<img decoding=\"async\" src=\"https:\/\/mindsetreprogramado.com\/wp-content\/uploads\/elementor\/thumbs\/confirmado-r87vzvbkt0eyqmk20fdzbdg1nabtinp73i6d52w8t2.jpg\" title=\"confirmado\" alt=\"confirmado\" loading=\"lazy\" \/>\t\t\t\t\t\t\t\t\t\t\t\t\t\t\t<\/div>\n\t\t\t\t<\/div>\n\t\t\t\t\t<\/div>\n\t\t\t\t<\/div>\n\t\t<div data-particle_enable=\"false\" data-particle-mobile-disabled=\"false\" class=\"elementor-element elementor-element-891374d e-flex e-con-boxed e-con e-parent\" data-id=\"891374d\" data-element_type=\"container\" data-e-type=\"container\" data-settings=\"{&quot;background_background&quot;:&quot;classic&quot;}\">\n\t\t\t\t\t<div class=\"e-con-inner\">\n\t\t\t\t<div class=\"elementor-element elementor-element-6b000cd elementor-widget elementor-widget-heading\" data-id=\"6b000cd\" data-element_type=\"widget\" data-e-type=\"widget\" data-widget_type=\"heading.default\">\n\t\t\t\t<div class=\"elementor-widget-container\">\n\t\t\t\t\t<h2 class=\"elementor-heading-title elementor-size-default\">Aprenda c\u00f3mo descargar sus libros electr\u00f3nicos aqu\u00ed en <br>Mentalidad reprogramada<\/h2>\t\t\t\t<\/div>\n\t\t\t\t<\/div>\n\t\t\t\t\t<\/div>\n\t\t\t\t<\/div>\n\t\t<div data-particle_enable=\"false\" data-particle-mobile-disabled=\"false\" class=\"elementor-element elementor-element-ba87804 e-flex e-con-boxed e-con e-parent\" data-id=\"ba87804\" data-element_type=\"container\" data-e-type=\"container\">\n\t\t\t\t\t<div class=\"e-con-inner\">\n\t\t\t\t<div class=\"elementor-element elementor-element-86b8d76 elementor-widget elementor-widget-video\" data-id=\"86b8d76\" data-element_type=\"widget\" data-e-type=\"widget\" data-settings=\"{&quot;youtube_url&quot;:&quot;https:\\\/\\\/youtu.be\\\/Ambk-yx73fg&quot;,&quot;video_type&quot;:&quot;youtube&quot;,&quot;controls&quot;:&quot;yes&quot;}\" data-widget_type=\"video.default\">\n\t\t\t\t<div class=\"elementor-widget-container\">\n\t\t\t\t\t\t\t<div class=\"elementor-wrapper elementor-open-inline\">\n\t\t\t<div class=\"elementor-video\"><\/div>\t\t<\/div>\n\t\t\t\t\t\t<\/div>\n\t\t\t\t<\/div>\n\t\t\t\t\t<\/div>\n\t\t\t\t<\/div>\n\t\t<div data-particle_enable=\"false\" data-particle-mobile-disabled=\"false\" class=\"elementor-element elementor-element-008d683 e-flex e-con-boxed e-con e-parent\" data-id=\"008d683\" data-element_type=\"container\" data-e-type=\"container\" data-settings=\"{&quot;background_background&quot;:&quot;classic&quot;}\">\n\t\t\t\t\t<div class=\"e-con-inner\">\n\t\t\t\t<div class=\"elementor-element elementor-element-c66af4b elementor-widget elementor-widget-heading\" data-id=\"c66af4b\" data-element_type=\"widget\" data-e-type=\"widget\" data-widget_type=\"heading.default\">\n\t\t\t\t<div class=\"elementor-widget-container\">\n\t\t\t\t\t<h2 class=\"elementor-heading-title elementor-size-default\">Tu acceso al \u201cEbook Reprogramate para el \u00e9xito + Bonus\u201d te ser\u00e1 enviado por email tan pronto como se confirme tu pago.<\/h2>\t\t\t\t<\/div>\n\t\t\t\t<\/div>\n\t\t\t\t\t<\/div>\n\t\t\t\t<\/div>\n\t\t<div data-particle_enable=\"false\" data-particle-mobile-disabled=\"false\" class=\"elementor-element elementor-element-9fe6d52 e-flex e-con-boxed e-con e-parent\" data-id=\"9fe6d52\" data-element_type=\"container\" data-e-type=\"container\" data-settings=\"{&quot;background_background&quot;:&quot;classic&quot;}\">\n\t\t\t\t\t<div class=\"e-con-inner\">\n\t\t\t\t<div class=\"elementor-element elementor-element-756be6a elementor-widget elementor-widget-heading\" data-id=\"756be6a\" data-element_type=\"widget\" data-e-type=\"widget\" data-widget_type=\"heading.default\">\n\t\t\t\t<div class=\"elementor-widget-container\">\n\t\t\t\t\t<h2 class=\"elementor-heading-title elementor-size-default\">Si pagaste con tarjeta de cr\u00e9dito, no deber\u00eda tardar m\u00e1s de unos minutos. Si pagaste con boleto, el banco puede tardar hasta dos d\u00edas en confirmar el pago. Recibir\u00e1s un mensaje en tu bandeja de entrada con el asunto &quot;T\u00edtulo del mensaje de bienvenida&quot; en cuanto todo est\u00e9 aprobado. Si tienes alguna dificultad, contacta con nuestro equipo de soporte en contato@mindsetreprogramado.com.<\/h2>\t\t\t\t<\/div>\n\t\t\t\t<\/div>\n\t\t\t\t\t<\/div>\n\t\t\t\t<\/div>\n\t\t\t\t<\/div>","protected":false},"excerpt":{"rendered":"<p>\u00a1Felicidades por tu decisi\u00f3n! \u00a1Acabamos de recibir tu pedido! Aprende a descargar tus ebooks aqu\u00ed.<\/p>","protected":false},"author":1,"featured_media":0,"parent":0,"menu_order":0,"comment_status":"closed","ping_status":"closed","template":"elementor_canvas","meta":{"om_disable_all_campaigns":false,"footnotes":""},"class_list":["post-1666","page","type-page","status-publish","hentry"],"yoast_head":"<!-- This site is optimized with the Yoast SEO Premium plugin v26.8 (Yoast SEO v27.2) - https:\/\/yoast.com\/product\/yoast-seo-premium-wordpress\/ -->\n<title>Obrigado por Comprar o Supercombo do Mindset - mindsetreprogramado.com<\/title>\n<meta name=\"robots\" content=\"index, follow, max-snippet:-1, max-image-preview:large, max-video-preview:-1\" \/>\n<link rel=\"canonical\" href=\"https:\/\/mindsetreprogramado.com\/es\/gracias-por-adquirir-el-libro-electronico-reprogramate-para-el-exito\/\" \/>\n<meta property=\"og:locale\" content=\"es_MX\" \/>\n<meta property=\"og:type\" content=\"article\" \/>\n<meta property=\"og:title\" content=\"Obrigado por Comprar o Ebook Reprograme-se para o Sucesso\" \/>\n<meta property=\"og:description\" content=\"PARAB\u00c9NS pela decis\u00e3o! Acabamos de receber seu pedido! Saiba como Baixar os seus Ebooks aqui\" \/>\n<meta property=\"og:url\" content=\"https:\/\/mindsetreprogramado.com\/es\/gracias-por-adquirir-el-libro-electronico-reprogramate-para-el-exito\/\" \/>\n<meta property=\"og:site_name\" content=\"mindsetreprogramado.com\" \/>\n<meta property=\"article:publisher\" content=\"https:\/\/www.facebook.com\/mindsetreprogramado\" \/>\n<meta property=\"article:modified_time\" content=\"2025-07-03T14:46:15+00:00\" \/>\n<meta property=\"og:image\" content=\"https:\/\/mindsetreprogramado.com\/wp-content\/uploads\/elementor\/thumbs\/confirmado-r87vzvbkt0eyqmk20fdzbdg1nabtinp73i6d52w8t2.jpg\" \/>\n<meta name=\"twitter:card\" content=\"summary_large_image\" \/>\n<meta name=\"twitter:label1\" content=\"Tiempo de lectura\" \/>\n\t<meta name=\"twitter:data1\" content=\"1 minuto\" \/>\n<script type=\"application\/ld+json\" class=\"yoast-schema-graph\">{\"@context\":\"https:\/\/schema.org\",\"@graph\":[{\"@type\":\"WebPage\",\"@id\":\"https:\/\/mindsetreprogramado.com\/obrigado-por-comprar-o-ebook-reprograme-se-para-o-sucesso\/\",\"url\":\"https:\/\/mindsetreprogramado.com\/obrigado-por-comprar-o-ebook-reprograme-se-para-o-sucesso\/\",\"name\":\"Obrigado por Comprar o Supercombo do Mindset - mindsetreprogramado.com\",\"isPartOf\":{\"@id\":\"https:\/\/mindsetreprogramado.com\/#website\"},\"primaryImageOfPage\":{\"@id\":\"https:\/\/mindsetreprogramado.com\/obrigado-por-comprar-o-ebook-reprograme-se-para-o-sucesso\/#primaryimage\"},\"image\":{\"@id\":\"https:\/\/mindsetreprogramado.com\/obrigado-por-comprar-o-ebook-reprograme-se-para-o-sucesso\/#primaryimage\"},\"thumbnailUrl\":\"https:\/\/mindsetreprogramado.com\/wp-content\/uploads\/elementor\/thumbs\/confirmado-r87vzvbkt0eyqmk20fdzbdg1nabtinp73i6d52w8t2.jpg\",\"datePublished\":\"2025-07-03T14:45:05+00:00\",\"dateModified\":\"2025-07-03T14:46:15+00:00\",\"breadcrumb\":{\"@id\":\"https:\/\/mindsetreprogramado.com\/obrigado-por-comprar-o-ebook-reprograme-se-para-o-sucesso\/#breadcrumb\"},\"inLanguage\":\"es\",\"potentialAction\":[{\"@type\":\"ReadAction\",\"target\":[\"https:\/\/mindsetreprogramado.com\/obrigado-por-comprar-o-ebook-reprograme-se-para-o-sucesso\/\"]}]},{\"@type\":\"ImageObject\",\"inLanguage\":\"es\",\"@id\":\"https:\/\/mindsetreprogramado.com\/obrigado-por-comprar-o-ebook-reprograme-se-para-o-sucesso\/#primaryimage\",\"url\":\"https:\/\/mindsetreprogramado.com\/wp-content\/uploads\/elementor\/thumbs\/confirmado-r87vzvbkt0eyqmk20fdzbdg1nabtinp73i6d52w8t2.jpg\",\"contentUrl\":\"https:\/\/mindsetreprogramado.com\/wp-content\/uploads\/elementor\/thumbs\/confirmado-r87vzvbkt0eyqmk20fdzbdg1nabtinp73i6d52w8t2.jpg\"},{\"@type\":\"BreadcrumbList\",\"@id\":\"https:\/\/mindsetreprogramado.com\/obrigado-por-comprar-o-ebook-reprograme-se-para-o-sucesso\/#breadcrumb\",\"itemListElement\":[{\"@type\":\"ListItem\",\"position\":1,\"name\":\"In\u00edcio\",\"item\":\"https:\/\/mindsetreprogramado.com\/\"},{\"@type\":\"ListItem\",\"position\":2,\"name\":\"Obrigado por Comprar o Ebook Reprograme-se para o Sucesso\"}]},{\"@type\":\"WebSite\",\"@id\":\"https:\/\/mindsetreprogramado.com\/#website\",\"url\":\"https:\/\/mindsetreprogramado.com\/\",\"name\":\"Mindset Reprogramado\",\"description\":\"\",\"publisher\":{\"@id\":\"https:\/\/mindsetreprogramado.com\/#organization\"},\"potentialAction\":[{\"@type\":\"SearchAction\",\"target\":{\"@type\":\"EntryPoint\",\"urlTemplate\":\"https:\/\/mindsetreprogramado.com\/?s={search_term_string}\"},\"query-input\":{\"@type\":\"PropertyValueSpecification\",\"valueRequired\":true,\"valueName\":\"search_term_string\"}}],\"inLanguage\":\"es\"},{\"@type\":\"Organization\",\"@id\":\"https:\/\/mindsetreprogramado.com\/#organization\",\"name\":\"Mindset Reprogramado\",\"url\":\"https:\/\/mindsetreprogramado.com\/\",\"logo\":{\"@type\":\"ImageObject\",\"inLanguage\":\"es\",\"@id\":\"https:\/\/mindsetreprogramado.com\/#\/schema\/logo\/image\/\",\"url\":\"https:\/\/mindsetreprogramado.com\/wp-content\/uploads\/2023\/06\/logo-mindset-reprogramado-350x76pix.png\",\"contentUrl\":\"https:\/\/mindsetreprogramado.com\/wp-content\/uploads\/2023\/06\/logo-mindset-reprogramado-350x76pix.png\",\"width\":350,\"height\":76,\"caption\":\"Mindset Reprogramado\"},\"image\":{\"@id\":\"https:\/\/mindsetreprogramado.com\/#\/schema\/logo\/image\/\"},\"sameAs\":[\"https:\/\/www.facebook.com\/mindsetreprogramado\",\"https:\/\/www.instagram.com\/mindsetreprogramado\/\"]}]}<\/script>\n<meta property=\"og:video\" content=\"https:\/\/www.youtube.com\/embed\/Ambk-yx73fg\" \/>\n<meta property=\"og:video:type\" content=\"text\/html\" \/>\n<meta property=\"og:video:duration\" content=\"45\" \/>\n<meta property=\"og:video:width\" content=\"480\" \/>\n<meta property=\"og:video:height\" content=\"270\" \/>\n<meta property=\"ya:ovs:adult\" content=\"false\" \/>\n<meta property=\"ya:ovs:upload_date\" content=\"2025-07-03T14:45:05+00:00\" \/>\n<meta property=\"ya:ovs:allow_embed\" content=\"true\" \/>\n<!-- \/ Yoast SEO Premium plugin. -->","yoast_head_json":{"title":"Gracias por adquirir el Supercombo Mindset - mindsetreprogramado.com","robots":{"index":"index","follow":"follow","max-snippet":"max-snippet:-1","max-image-preview":"max-image-preview:large","max-video-preview":"max-video-preview:-1"},"canonical":"https:\/\/mindsetreprogramado.com\/es\/gracias-por-adquirir-el-libro-electronico-reprogramate-para-el-exito\/","og_locale":"es_MX","og_type":"article","og_title":"Obrigado por Comprar o Ebook Reprograme-se para o Sucesso","og_description":"PARAB\u00c9NS pela decis\u00e3o! Acabamos de receber seu pedido! Saiba como Baixar os seus Ebooks aqui","og_url":"https:\/\/mindsetreprogramado.com\/es\/gracias-por-adquirir-el-libro-electronico-reprogramate-para-el-exito\/","og_site_name":"mindsetreprogramado.com","article_publisher":"https:\/\/www.facebook.com\/mindsetreprogramado","article_modified_time":"2025-07-03T14:46:15+00:00","og_image":[{"url":"https:\/\/mindsetreprogramado.com\/wp-content\/uploads\/elementor\/thumbs\/confirmado-r87vzvbkt0eyqmk20fdzbdg1nabtinp73i6d52w8t2.jpg","type":"","width":"","height":""}],"twitter_card":"summary_large_image","twitter_misc":{"Tiempo de lectura":"1 minuto"},"schema":{"@context":"https:\/\/schema.org","@graph":[{"@type":"WebPage","@id":"https:\/\/mindsetreprogramado.com\/obrigado-por-comprar-o-ebook-reprograme-se-para-o-sucesso\/","url":"https:\/\/mindsetreprogramado.com\/obrigado-por-comprar-o-ebook-reprograme-se-para-o-sucesso\/","name":"Gracias por adquirir el Supercombo Mindset - mindsetreprogramado.com","isPartOf":{"@id":"https:\/\/mindsetreprogramado.com\/#website"},"primaryImageOfPage":{"@id":"https:\/\/mindsetreprogramado.com\/obrigado-por-comprar-o-ebook-reprograme-se-para-o-sucesso\/#primaryimage"},"image":{"@id":"https:\/\/mindsetreprogramado.com\/obrigado-por-comprar-o-ebook-reprograme-se-para-o-sucesso\/#primaryimage"},"thumbnailUrl":"https:\/\/mindsetreprogramado.com\/wp-content\/uploads\/elementor\/thumbs\/confirmado-r87vzvbkt0eyqmk20fdzbdg1nabtinp73i6d52w8t2.jpg","datePublished":"2025-07-03T14:45:05+00:00","dateModified":"2025-07-03T14:46:15+00:00","breadcrumb":{"@id":"https:\/\/mindsetreprogramado.com\/obrigado-por-comprar-o-ebook-reprograme-se-para-o-sucesso\/#breadcrumb"},"inLanguage":"es","potentialAction":[{"@type":"ReadAction","target":["https:\/\/mindsetreprogramado.com\/obrigado-por-comprar-o-ebook-reprograme-se-para-o-sucesso\/"]}]},{"@type":"ImageObject","inLanguage":"es","@id":"https:\/\/mindsetreprogramado.com\/obrigado-por-comprar-o-ebook-reprograme-se-para-o-sucesso\/#primaryimage","url":"https:\/\/mindsetreprogramado.com\/wp-content\/uploads\/elementor\/thumbs\/confirmado-r87vzvbkt0eyqmk20fdzbdg1nabtinp73i6d52w8t2.jpg","contentUrl":"https:\/\/mindsetreprogramado.com\/wp-content\/uploads\/elementor\/thumbs\/confirmado-r87vzvbkt0eyqmk20fdzbdg1nabtinp73i6d52w8t2.jpg"},{"@type":"BreadcrumbList","@id":"https:\/\/mindsetreprogramado.com\/obrigado-por-comprar-o-ebook-reprograme-se-para-o-sucesso\/#breadcrumb","itemListElement":[{"@type":"ListItem","position":1,"name":"In\u00edcio","item":"https:\/\/mindsetreprogramado.com\/"},{"@type":"ListItem","position":2,"name":"Obrigado por Comprar o Ebook Reprograme-se para o Sucesso"}]},{"@type":"WebSite","@id":"https:\/\/mindsetreprogramado.com\/#website","url":"https:\/\/mindsetreprogramado.com\/","name":"Mentalidad reprogramada","description":"","publisher":{"@id":"https:\/\/mindsetreprogramado.com\/#organization"},"potentialAction":[{"@type":"SearchAction","target":{"@type":"EntryPoint","urlTemplate":"https:\/\/mindsetreprogramado.com\/?s={search_term_string}"},"query-input":{"@type":"PropertyValueSpecification","valueRequired":true,"valueName":"search_term_string"}}],"inLanguage":"es"},{"@type":"Organization","@id":"https:\/\/mindsetreprogramado.com\/#organization","name":"Mentalidad reprogramada","url":"https:\/\/mindsetreprogramado.com\/","logo":{"@type":"ImageObject","inLanguage":"es","@id":"https:\/\/mindsetreprogramado.com\/#\/schema\/logo\/image\/","url":"https:\/\/mindsetreprogramado.com\/wp-content\/uploads\/2023\/06\/logo-mindset-reprogramado-350x76pix.png","contentUrl":"https:\/\/mindsetreprogramado.com\/wp-content\/uploads\/2023\/06\/logo-mindset-reprogramado-350x76pix.png","width":350,"height":76,"caption":"Mindset Reprogramado"},"image":{"@id":"https:\/\/mindsetreprogramado.com\/#\/schema\/logo\/image\/"},"sameAs":["https:\/\/www.facebook.com\/mindsetreprogramado","https:\/\/www.instagram.com\/mindsetreprogramado\/"]}]},"og_video":"https:\/\/www.youtube.com\/embed\/Ambk-yx73fg","og_video_type":"text\/html","og_video_duration":"45","og_video_width":"480","og_video_height":"270","ya_ovs_adult":"false","ya_ovs_upload_date":"2025-07-03T14:45:05+00:00","ya_ovs_allow_embed":"true"},"_links":{"self":[{"href":"https:\/\/mindsetreprogramado.com\/es\/wp-json\/wp\/v2\/pages\/1666","targetHints":{"allow":["GET"]}}],"collection":[{"href":"https:\/\/mindsetreprogramado.com\/es\/wp-json\/wp\/v2\/pages"}],"about":[{"href":"https:\/\/mindsetreprogramado.com\/es\/wp-json\/wp\/v2\/types\/page"}],"author":[{"embeddable":true,"href":"https:\/\/mindsetreprogramado.com\/es\/wp-json\/wp\/v2\/users\/1"}],"replies":[{"embeddable":true,"href":"https:\/\/mindsetreprogramado.com\/es\/wp-json\/wp\/v2\/comments?post=1666"}],"version-history":[{"count":6,"href":"https:\/\/mindsetreprogramado.com\/es\/wp-json\/wp\/v2\/pages\/1666\/revisions"}],"predecessor-version":[{"id":1673,"href":"https:\/\/mindsetreprogramado.com\/es\/wp-json\/wp\/v2\/pages\/1666\/revisions\/1673"}],"wp:attachment":[{"href":"https:\/\/mindsetreprogramado.com\/es\/wp-json\/wp\/v2\/media?parent=1666"}],"curies":[{"name":"Gracias","href":"https:\/\/api.w.org\/{rel}","templated":true}]}}