{"id":1857,"date":"2025-08-31T13:33:26","date_gmt":"2025-08-31T16:33:26","guid":{"rendered":"https:\/\/mindsetreprogramado.com\/?page_id=1857"},"modified":"2026-01-18T12:11:40","modified_gmt":"2026-01-18T15:11:40","slug":"gracias-por-adquirir-el-curso-de-mentalidad","status":"publish","type":"page","link":"https:\/\/mindsetreprogramado.com\/es\/obg-comprar-curso-mindset\/","title":{"rendered":"Gracias por adquirir el Curso de Mentalidad Reprogramada"},"content":{"rendered":"<div data-elementor-type=\"wp-page\" data-elementor-id=\"1857\" class=\"elementor elementor-1857\" data-elementor-post-type=\"page\">\n\t\t\t\t<div data-particle_enable=\"false\" data-particle-mobile-disabled=\"false\" class=\"elementor-element elementor-element-be37b3f e-flex e-con-boxed e-con e-parent\" data-id=\"be37b3f\" data-element_type=\"container\" data-e-type=\"container\" data-settings=\"{&quot;background_background&quot;:&quot;classic&quot;}\">\n\t\t\t\t\t<div class=\"e-con-inner\">\n\t\t\t\t<div class=\"elementor-element elementor-element-8095622 elementor-widget elementor-widget-heading\" data-id=\"8095622\" data-element_type=\"widget\" data-e-type=\"widget\" data-widget_type=\"heading.default\">\n\t\t\t\t<div class=\"elementor-widget-container\">\n\t\t\t\t\t<h2 class=\"elementor-heading-title elementor-size-default\">\u00a1Felicidades por tu decisi\u00f3n! \u00a1Acabamos de recibir tu solicitud!<\/h2>\t\t\t\t<\/div>\n\t\t\t\t<\/div>\n\t\t\t\t\t<\/div>\n\t\t\t\t<\/div>\n\t\t<div data-particle_enable=\"false\" data-particle-mobile-disabled=\"false\" class=\"elementor-element elementor-element-4cd19be e-flex e-con-boxed e-con e-parent\" data-id=\"4cd19be\" data-element_type=\"container\" data-e-type=\"container\">\n\t\t\t\t\t<div class=\"e-con-inner\">\n\t\t\t\t<div class=\"elementor-element elementor-element-6d9f38c elementor-widget elementor-widget-image\" data-id=\"6d9f38c\" data-element_type=\"widget\" data-e-type=\"widget\" data-widget_type=\"image.default\">\n\t\t\t\t<div class=\"elementor-widget-container\">\n\t\t\t\t\t\t\t\t\t\t\t\t\t\t\t<img decoding=\"async\" src=\"https:\/\/mindsetreprogramado.com\/wp-content\/uploads\/elementor\/thumbs\/confirmado-r87vzvbkt0eyqmk20fdzbdg1nabtinp73i6d52w8t2.jpg\" title=\"confirmado\" alt=\"confirmado\" loading=\"lazy\" \/>\t\t\t\t\t\t\t\t\t\t\t\t\t\t\t<\/div>\n\t\t\t\t<\/div>\n\t\t\t\t\t<\/div>\n\t\t\t\t<\/div>\n\t\t<div data-particle_enable=\"false\" data-particle-mobile-disabled=\"false\" class=\"elementor-element elementor-element-008d683 e-flex e-con-boxed e-con e-parent\" data-id=\"008d683\" data-element_type=\"container\" data-e-type=\"container\" data-settings=\"{&quot;background_background&quot;:&quot;classic&quot;}\">\n\t\t\t\t\t<div class=\"e-con-inner\">\n\t\t\t\t<div class=\"elementor-element elementor-element-c66af4b elementor-widget elementor-widget-heading\" data-id=\"c66af4b\" data-element_type=\"widget\" data-e-type=\"widget\" data-widget_type=\"heading.default\">\n\t\t\t\t<div class=\"elementor-widget-container\">\n\t\t\t\t\t<h2 class=\"elementor-heading-title elementor-size-default\">Tu acceso al \u201cCurso Mentalidad Reprogramada + Bonos\u201d ser\u00e1 enviado a tu correo electr\u00f3nico tan pronto como se confirme tu pago.<\/h2>\t\t\t\t<\/div>\n\t\t\t\t<\/div>\n\t\t\t\t\t<\/div>\n\t\t\t\t<\/div>\n\t\t<div data-particle_enable=\"false\" data-particle-mobile-disabled=\"false\" class=\"elementor-element elementor-element-9fe6d52 e-flex e-con-boxed e-con e-parent\" data-id=\"9fe6d52\" data-element_type=\"container\" data-e-type=\"container\" data-settings=\"{&quot;background_background&quot;:&quot;classic&quot;}\">\n\t\t\t\t\t<div class=\"e-con-inner\">\n\t\t\t\t<div class=\"elementor-element elementor-element-756be6a elementor-widget elementor-widget-heading\" data-id=\"756be6a\" data-element_type=\"widget\" data-e-type=\"widget\" data-widget_type=\"heading.default\">\n\t\t\t\t<div class=\"elementor-widget-container\">\n\t\t\t\t\t<h2 class=\"elementor-heading-title elementor-size-default\">Si pagaste con tarjeta de cr\u00e9dito, no deber\u00eda tardar m\u00e1s de unos minutos. Si pagaste con boleto, el banco puede tardar hasta dos d\u00edas en confirmar el pago. Recibir\u00e1s un mensaje en tu bandeja de entrada con el asunto &quot;T\u00edtulo del mensaje de bienvenida&quot; en cuanto todo est\u00e9 aprobado. Si tienes alguna dificultad, contacta con nuestro equipo de soporte en contato@mindsetreprogramado.com.<\/h2>\t\t\t\t<\/div>\n\t\t\t\t<\/div>\n\t\t\t\t\t<\/div>\n\t\t\t\t<\/div>\n\t\t<div data-particle_enable=\"false\" data-particle-mobile-disabled=\"false\" class=\"elementor-element elementor-element-891374d e-flex e-con-boxed e-con e-parent\" data-id=\"891374d\" data-element_type=\"container\" data-e-type=\"container\" data-settings=\"{&quot;background_background&quot;:&quot;classic&quot;}\">\n\t\t\t\t\t<div class=\"e-con-inner\">\n\t\t\t\t<div class=\"elementor-element elementor-element-6b000cd elementor-widget elementor-widget-heading\" data-id=\"6b000cd\" data-element_type=\"widget\" data-e-type=\"widget\" data-widget_type=\"heading.default\">\n\t\t\t\t<div class=\"elementor-widget-container\">\n\t\t\t\t\t<h2 class=\"elementor-heading-title elementor-size-default\">Descubre c\u00f3mo acceder a tu curso. <br>Mentalidad reprogramada<\/h2>\t\t\t\t<\/div>\n\t\t\t\t<\/div>\n\t\t\t\t\t<\/div>\n\t\t\t\t<\/div>\n\t\t<div data-particle_enable=\"false\" data-particle-mobile-disabled=\"false\" class=\"elementor-element elementor-element-273fb7c e-flex e-con-boxed e-con e-parent\" data-id=\"273fb7c\" data-element_type=\"container\" data-e-type=\"container\" data-settings=\"{&quot;background_background&quot;:&quot;classic&quot;}\">\n\t\t\t\t\t<div class=\"e-con-inner\">\n\t\t\t\t<div class=\"elementor-element elementor-element-5641c1e elementor-widget elementor-widget-heading\" data-id=\"5641c1e\" data-element_type=\"widget\" data-e-type=\"widget\" data-widget_type=\"heading.default\">\n\t\t\t\t<div class=\"elementor-widget-container\">\n\t\t\t\t\t<h2 class=\"elementor-heading-title elementor-size-default\">Acceder a su cuenta<\/h2>\t\t\t\t<\/div>\n\t\t\t\t<\/div>\n\t\t\t\t\t<\/div>\n\t\t\t\t<\/div>\n\t\t<div data-particle_enable=\"false\" data-particle-mobile-disabled=\"false\" class=\"elementor-element elementor-element-ad93369 e-flex e-con-boxed e-con e-parent\" data-id=\"ad93369\" data-element_type=\"container\" data-e-type=\"container\">\n\t\t\t\t\t<div class=\"e-con-inner\">\n\t\t<div data-particle_enable=\"false\" data-particle-mobile-disabled=\"false\" class=\"elementor-element elementor-element-50a006b e-con-full e-flex e-con e-child\" data-id=\"50a006b\" data-element_type=\"container\" data-e-type=\"container\">\n\t\t\t\t<div class=\"elementor-element elementor-element-bdb0207 elementor-widget elementor-widget-text-editor\" data-id=\"bdb0207\" data-element_type=\"widget\" data-e-type=\"widget\" data-widget_type=\"text-editor.default\">\n\t\t\t\t<div class=\"elementor-widget-container\">\n\t\t\t\t\t\t\t\t\t<p>Si es tu primera vez que accedes a la plataforma, deber\u00e1s seguir algunos de los pasos que te indicamos a continuaci\u00f3n.<\/p><p>\u200d<\/p><p>Paso n\u00famero 1:<\/p><p>Luego de realizar la compra, deber\u00e1s acceder a la direcci\u00f3n de correo electr\u00f3nico que proporcionaste durante la compra del producto y hacer clic en el bot\u00f3n \u201cAcceder\u201d.<\/p><p>\u200d<\/p><p>Paso n\u00famero 2:<\/p><p>Este bot\u00f3n te redireccionar\u00e1 a una pantalla donde deber\u00e1s establecer una contrase\u00f1a para iniciar sesi\u00f3n en la plataforma y tambi\u00e9n aceptar los t\u00e9rminos necesarios.<\/p>\t\t\t\t\t\t\t\t<\/div>\n\t\t\t\t<\/div>\n\t\t\t\t<\/div>\n\t\t<div data-particle_enable=\"false\" data-particle-mobile-disabled=\"false\" class=\"elementor-element elementor-element-fef4fc0 e-con-full e-flex e-con e-child\" data-id=\"fef4fc0\" data-element_type=\"container\" data-e-type=\"container\">\n\t\t\t\t<div class=\"elementor-element elementor-element-ebf0755 elementor-widget elementor-widget-image\" data-id=\"ebf0755\" data-element_type=\"widget\" data-e-type=\"widget\" data-widget_type=\"image.default\">\n\t\t\t\t<div class=\"elementor-widget-container\">\n\t\t\t\t\t\t\t\t\t\t\t\t\t\t\t<img fetchpriority=\"high\" decoding=\"async\" width=\"640\" height=\"329\" src=\"https:\/\/mindsetreprogramado.com\/wp-content\/uploads\/2026\/01\/Acesso_Nutror.jpeg\" class=\"attachment-large size-large wp-image-2207\" alt=\"Acceso al Curso\" srcset=\"https:\/\/mindsetreprogramado.com\/wp-content\/uploads\/2026\/01\/Acesso_Nutror.jpeg 660w, https:\/\/mindsetreprogramado.com\/wp-content\/uploads\/2026\/01\/Acesso_Nutror-300x154.jpeg 300w, https:\/\/mindsetreprogramado.com\/wp-content\/uploads\/2026\/01\/Acesso_Nutror-18x9.jpeg 18w\" sizes=\"(max-width: 640px) 100vw, 640px\" \/>\t\t\t\t\t\t\t\t\t\t\t\t\t\t\t<\/div>\n\t\t\t\t<\/div>\n\t\t\t\t<\/div>\n\t\t\t\t\t<\/div>\n\t\t\t\t<\/div>\n\t\t<div data-particle_enable=\"false\" data-particle-mobile-disabled=\"false\" class=\"elementor-element elementor-element-ef95f5b e-flex e-con-boxed e-con e-parent\" data-id=\"ef95f5b\" data-element_type=\"container\" data-e-type=\"container\">\n\t\t\t\t\t<div class=\"e-con-inner\">\n\t\t<div data-particle_enable=\"false\" data-particle-mobile-disabled=\"false\" class=\"elementor-element elementor-element-13163ba e-con-full e-flex e-con e-child\" data-id=\"13163ba\" data-element_type=\"container\" data-e-type=\"container\">\n\t\t\t\t<div class=\"elementor-element elementor-element-9f4502c elementor-widget elementor-widget-text-editor\" data-id=\"9f4502c\" data-element_type=\"widget\" data-e-type=\"widget\" data-widget_type=\"text-editor.default\">\n\t\t\t\t<div class=\"elementor-widget-container\">\n\t\t\t\t\t\t\t\t\t<p>Paso n\u00famero 3:<\/p><p>Tras iniciar sesi\u00f3n correctamente, se abrir\u00e1 tu cuenta en la plataforma y podr\u00e1s ver los cursos que has comprado. Consulta la imagen.<\/p><p>Ahora, una vez abierto, tendr\u00e1s acceso a todos los m\u00f3dulos y lecciones que ofrece tu curso.<\/p>\t\t\t\t\t\t\t\t<\/div>\n\t\t\t\t<\/div>\n\t\t\t\t<\/div>\n\t\t<div data-particle_enable=\"false\" data-particle-mobile-disabled=\"false\" class=\"elementor-element elementor-element-a5caba5 e-con-full e-flex e-con e-child\" data-id=\"a5caba5\" data-element_type=\"container\" data-e-type=\"container\">\n\t\t\t\t<div class=\"elementor-element elementor-element-f588fb9 elementor-widget elementor-widget-image\" data-id=\"f588fb9\" data-element_type=\"widget\" data-e-type=\"widget\" data-widget_type=\"image.default\">\n\t\t\t\t<div class=\"elementor-widget-container\">\n\t\t\t\t\t\t\t\t\t\t\t\t\t\t\t<img decoding=\"async\" width=\"640\" height=\"248\" src=\"https:\/\/mindsetreprogramado.com\/wp-content\/uploads\/2026\/01\/Nutror_Cursos-1024x396.jpg\" class=\"attachment-large size-large wp-image-2209\" alt=\"\" srcset=\"https:\/\/mindsetreprogramado.com\/wp-content\/uploads\/2026\/01\/Nutror_Cursos-1024x396.jpg 1024w, https:\/\/mindsetreprogramado.com\/wp-content\/uploads\/2026\/01\/Nutror_Cursos-300x116.jpg 300w, https:\/\/mindsetreprogramado.com\/wp-content\/uploads\/2026\/01\/Nutror_Cursos-768x297.jpg 768w, https:\/\/mindsetreprogramado.com\/wp-content\/uploads\/2026\/01\/Nutror_Cursos-18x7.jpg 18w, https:\/\/mindsetreprogramado.com\/wp-content\/uploads\/2026\/01\/Nutror_Cursos.jpg 1359w\" sizes=\"(max-width: 640px) 100vw, 640px\" \/>\t\t\t\t\t\t\t\t\t\t\t\t\t\t\t<\/div>\n\t\t\t\t<\/div>\n\t\t\t\t<\/div>\n\t\t\t\t\t<\/div>\n\t\t\t\t<\/div>\n\t\t<div data-particle_enable=\"false\" data-particle-mobile-disabled=\"false\" class=\"elementor-element elementor-element-5583967 e-flex e-con-boxed e-con e-parent\" data-id=\"5583967\" data-element_type=\"container\" data-e-type=\"container\" data-settings=\"{&quot;background_background&quot;:&quot;classic&quot;}\">\n\t\t\t\t\t<div class=\"e-con-inner\">\n\t\t\t\t<div class=\"elementor-element elementor-element-f1b1f3a elementor-widget elementor-widget-heading\" data-id=\"f1b1f3a\" data-element_type=\"widget\" data-e-type=\"widget\" data-widget_type=\"heading.default\">\n\t\t\t\t<div class=\"elementor-widget-container\">\n\t\t\t\t\t<h2 class=\"elementor-heading-title elementor-size-default\">Accediendo a trav\u00e9s de la App<\/h2>\t\t\t\t<\/div>\n\t\t\t\t<\/div>\n\t\t\t\t\t<\/div>\n\t\t\t\t<\/div>\n\t\t<div data-particle_enable=\"false\" data-particle-mobile-disabled=\"false\" class=\"elementor-element elementor-element-a056288 e-flex e-con-boxed e-con e-parent\" data-id=\"a056288\" data-element_type=\"container\" data-e-type=\"container\">\n\t\t\t\t\t<div class=\"e-con-inner\">\n\t\t<div data-particle_enable=\"false\" data-particle-mobile-disabled=\"false\" class=\"elementor-element elementor-element-8d82d7c e-con-full e-flex e-con e-child\" data-id=\"8d82d7c\" data-element_type=\"container\" data-e-type=\"container\">\n\t\t\t\t<div class=\"elementor-element elementor-element-a69ccf1 elementor-widget elementor-widget-text-editor\" data-id=\"a69ccf1\" data-element_type=\"widget\" data-e-type=\"widget\" data-widget_type=\"text-editor.default\">\n\t\t\t\t<div class=\"elementor-widget-container\">\n\t\t\t\t\t\t\t\t\t<p>La plataforma Nutror tambi\u00e9n ofrece acceso desde dispositivos m\u00f3viles. Con la app, puedes acceder a todos tus cursos adquiridos de forma muy intuitiva.<\/p><p>La aplicaci\u00f3n est\u00e1 disponible para\u00a0<strong>iOS y Android.<\/strong><\/p><p>Despu\u00e9s de comprar tu curso, recibir\u00e1s un correo electr\u00f3nico, as\u00ed como...<strong>\u00a0<\/strong>No hay acceso a trav\u00e9s de otros dispositivos.\u00a0<\/p><p>\u200d<\/p><p>Aqu\u00ed hay una diferencia: si hace clic en la opci\u00f3n &quot;Acceder desde el correo electr\u00f3nico&quot;, abrir\u00e1 su curso en su navegador m\u00f3vil, no en la aplicaci\u00f3n, as\u00ed que siga los siguientes pasos.<\/p><p>\u200d<\/p><p>Cierra el correo electr\u00f3nico y ve directamente a la aplicaci\u00f3n, donde podr\u00e1s iniciar sesi\u00f3n con el mismo correo y contrase\u00f1a.<\/p><p>\u00a0<\/p><p>Despu\u00e9s de iniciar sesi\u00f3n, tendr\u00e1s acceso a tus cursos.<\/p>\t\t\t\t\t\t\t\t<\/div>\n\t\t\t\t<\/div>\n\t\t\t\t<div class=\"elementor-element elementor-element-0616a43 elementor-widget elementor-widget-image\" data-id=\"0616a43\" data-element_type=\"widget\" data-e-type=\"widget\" data-widget_type=\"image.default\">\n\t\t\t\t<div class=\"elementor-widget-container\">\n\t\t\t\t\t\t\t\t\t\t\t\t\t\t\t<img decoding=\"async\" src=\"https:\/\/mindsetreprogramado.com\/wp-content\/uploads\/elementor\/thumbs\/Acesso_App2-rhuc58o79k4mi11uu9olhwqxf42wu4zsrm9v3ly6dw.jpeg\" title=\"Acceso_App2\" alt=\"Acceso_App2\" loading=\"lazy\" \/>\t\t\t\t\t\t\t\t\t\t\t\t\t\t\t<\/div>\n\t\t\t\t<\/div>\n\t\t\t\t<\/div>\n\t\t<div data-particle_enable=\"false\" data-particle-mobile-disabled=\"false\" class=\"elementor-element elementor-element-d69365f e-con-full e-flex e-con e-child\" data-id=\"d69365f\" data-element_type=\"container\" data-e-type=\"container\">\n\t\t\t\t<div class=\"elementor-element elementor-element-b59a478 elementor-widget elementor-widget-image\" data-id=\"b59a478\" data-element_type=\"widget\" data-e-type=\"widget\" data-widget_type=\"image.default\">\n\t\t\t\t<div class=\"elementor-widget-container\">\n\t\t\t\t\t\t\t\t\t\t\t\t\t\t\t<img decoding=\"async\" src=\"https:\/\/mindsetreprogramado.com\/wp-content\/uploads\/elementor\/thumbs\/Acesso_App-rhuc2agfta3823c52hrr65juakmfoca4p0jzvcbnx0.jpeg\" title=\"Aplicaci\u00f3n de acceso\" alt=\"Aplicaci\u00f3n de acceso\" loading=\"lazy\" \/>\t\t\t\t\t\t\t\t\t\t\t\t\t\t\t<\/div>\n\t\t\t\t<\/div>\n\t\t\t\t<div class=\"elementor-element elementor-element-1869a84 elementor-widget elementor-widget-text-editor\" data-id=\"1869a84\" data-element_type=\"widget\" data-e-type=\"widget\" data-widget_type=\"text-editor.default\">\n\t\t\t\t<div class=\"elementor-widget-container\">\n\t\t\t\t\t\t\t\t\t<p>Dentro de la aplicaci\u00f3n, tendr\u00e1s algunas opciones en la parte inferior de la pantalla.<\/p><p>\u200d<\/p><p>En \u201cShowcase\u201d podr\u00e1s ver y acceder a todos tus cursos comprados.<\/p><p>\u200d<\/p><p>En &quot;Mis Descargas&quot;, encontrar\u00e1s el contenido que has descargado. Para saber qu\u00e9 contenido se puede ver sin conexi\u00f3n, comprueba si hay una opci\u00f3n de &quot;Descargar&quot; en cada lecci\u00f3n.<\/p><p>\u200d<\/p><p>En \u201cLecciones guardadas\u201d encontrar\u00e1s el contenido que has guardado, para ver o consumir m\u00e1s tarde, por ejemplo.<\/p><p>\u200d<\/p><p>En \u201cM\u00e1s\u201d podr\u00e1s realizar cambios en tu perfil, cerrar sesi\u00f3n en tu cuenta, acceder a certificados y otras funcionalidades.<\/p>\t\t\t\t\t\t\t\t<\/div>\n\t\t\t\t<\/div>\n\t\t\t\t<\/div>\n\t\t\t\t\t<\/div>\n\t\t\t\t<\/div>\n\t\t\t\t<\/div>","protected":false},"excerpt":{"rendered":"<p>\u00a1Felicitaciones por tu decisi\u00f3n! \u00a1Acabamos de recibir tu pedido! Tu acceso al &quot;Curso de Mentalidad Reprogramada&quot; ya est\u00e1 disponible.<\/p>","protected":false},"author":1,"featured_media":0,"parent":0,"menu_order":0,"comment_status":"closed","ping_status":"closed","template":"elementor_canvas","meta":{"om_disable_all_campaigns":false,"footnotes":""},"class_list":["post-1857","page","type-page","status-publish","hentry"],"yoast_head":"<!-- This site is optimized with the Yoast SEO Premium plugin v26.8 (Yoast SEO v27.2) - https:\/\/yoast.com\/product\/yoast-seo-premium-wordpress\/ -->\n<title>Obrigado por Comprar o Supercombo do Mindset - mindsetreprogramado.com<\/title>\n<meta name=\"robots\" content=\"index, follow, max-snippet:-1, max-image-preview:large, max-video-preview:-1\" \/>\n<link rel=\"canonical\" href=\"https:\/\/mindsetreprogramado.com\/es\/gracias-por-adquirir-el-curso-de-mentalidad\/\" \/>\n<meta property=\"og:locale\" content=\"es_MX\" \/>\n<meta property=\"og:type\" content=\"article\" \/>\n<meta property=\"og:title\" content=\"Obrigado por Comprar o Curso Mindset Reprogramado\" \/>\n<meta property=\"og:description\" content=\"PARAB\u00c9NS pela decis\u00e3o! Acabamos de receber seu pedido! O seu acesso ao \u201cCurso Mindset Reprogramado\" \/>\n<meta property=\"og:url\" content=\"https:\/\/mindsetreprogramado.com\/es\/gracias-por-adquirir-el-curso-de-mentalidad\/\" \/>\n<meta property=\"og:site_name\" content=\"mindsetreprogramado.com\" \/>\n<meta property=\"article:publisher\" content=\"https:\/\/www.facebook.com\/mindsetreprogramado\" \/>\n<meta property=\"article:modified_time\" content=\"2026-01-18T15:11:40+00:00\" \/>\n<meta property=\"og:image\" content=\"https:\/\/mindsetreprogramado.com\/wp-content\/uploads\/elementor\/thumbs\/confirmado-r87vzvbkt0eyqmk20fdzbdg1nabtinp73i6d52w8t2.jpg\" \/>\n<meta name=\"twitter:card\" content=\"summary_large_image\" \/>\n<meta name=\"twitter:label1\" content=\"Tiempo de lectura\" \/>\n\t<meta name=\"twitter:data1\" content=\"4 minutos\" \/>\n<script type=\"application\/ld+json\" class=\"yoast-schema-graph\">{\"@context\":\"https:\/\/schema.org\",\"@graph\":[{\"@type\":\"WebPage\",\"@id\":\"https:\/\/mindsetreprogramado.com\/obg-comprar-curso-mindset\/\",\"url\":\"https:\/\/mindsetreprogramado.com\/obg-comprar-curso-mindset\/\",\"name\":\"Obrigado por Comprar o Supercombo do Mindset - mindsetreprogramado.com\",\"isPartOf\":{\"@id\":\"https:\/\/mindsetreprogramado.com\/#website\"},\"primaryImageOfPage\":{\"@id\":\"https:\/\/mindsetreprogramado.com\/obg-comprar-curso-mindset\/#primaryimage\"},\"image\":{\"@id\":\"https:\/\/mindsetreprogramado.com\/obg-comprar-curso-mindset\/#primaryimage\"},\"thumbnailUrl\":\"https:\/\/mindsetreprogramado.com\/wp-content\/uploads\/elementor\/thumbs\/confirmado-r87vzvbkt0eyqmk20fdzbdg1nabtinp73i6d52w8t2.jpg\",\"datePublished\":\"2025-08-31T16:33:26+00:00\",\"dateModified\":\"2026-01-18T15:11:40+00:00\",\"breadcrumb\":{\"@id\":\"https:\/\/mindsetreprogramado.com\/obg-comprar-curso-mindset\/#breadcrumb\"},\"inLanguage\":\"es\",\"potentialAction\":[{\"@type\":\"ReadAction\",\"target\":[\"https:\/\/mindsetreprogramado.com\/obg-comprar-curso-mindset\/\"]}]},{\"@type\":\"ImageObject\",\"inLanguage\":\"es\",\"@id\":\"https:\/\/mindsetreprogramado.com\/obg-comprar-curso-mindset\/#primaryimage\",\"url\":\"https:\/\/mindsetreprogramado.com\/wp-content\/uploads\/elementor\/thumbs\/confirmado-r87vzvbkt0eyqmk20fdzbdg1nabtinp73i6d52w8t2.jpg\",\"contentUrl\":\"https:\/\/mindsetreprogramado.com\/wp-content\/uploads\/elementor\/thumbs\/confirmado-r87vzvbkt0eyqmk20fdzbdg1nabtinp73i6d52w8t2.jpg\"},{\"@type\":\"BreadcrumbList\",\"@id\":\"https:\/\/mindsetreprogramado.com\/obg-comprar-curso-mindset\/#breadcrumb\",\"itemListElement\":[{\"@type\":\"ListItem\",\"position\":1,\"name\":\"In\u00edcio\",\"item\":\"https:\/\/mindsetreprogramado.com\/\"},{\"@type\":\"ListItem\",\"position\":2,\"name\":\"Obrigado por Comprar o Curso Mindset Reprogramado\"}]},{\"@type\":\"WebSite\",\"@id\":\"https:\/\/mindsetreprogramado.com\/#website\",\"url\":\"https:\/\/mindsetreprogramado.com\/\",\"name\":\"Mindset Reprogramado\",\"description\":\"\",\"publisher\":{\"@id\":\"https:\/\/mindsetreprogramado.com\/#organization\"},\"potentialAction\":[{\"@type\":\"SearchAction\",\"target\":{\"@type\":\"EntryPoint\",\"urlTemplate\":\"https:\/\/mindsetreprogramado.com\/?s={search_term_string}\"},\"query-input\":{\"@type\":\"PropertyValueSpecification\",\"valueRequired\":true,\"valueName\":\"search_term_string\"}}],\"inLanguage\":\"es\"},{\"@type\":\"Organization\",\"@id\":\"https:\/\/mindsetreprogramado.com\/#organization\",\"name\":\"Mindset Reprogramado\",\"url\":\"https:\/\/mindsetreprogramado.com\/\",\"logo\":{\"@type\":\"ImageObject\",\"inLanguage\":\"es\",\"@id\":\"https:\/\/mindsetreprogramado.com\/#\/schema\/logo\/image\/\",\"url\":\"https:\/\/mindsetreprogramado.com\/wp-content\/uploads\/2023\/06\/logo-mindset-reprogramado-350x76pix.png\",\"contentUrl\":\"https:\/\/mindsetreprogramado.com\/wp-content\/uploads\/2023\/06\/logo-mindset-reprogramado-350x76pix.png\",\"width\":350,\"height\":76,\"caption\":\"Mindset Reprogramado\"},\"image\":{\"@id\":\"https:\/\/mindsetreprogramado.com\/#\/schema\/logo\/image\/\"},\"sameAs\":[\"https:\/\/www.facebook.com\/mindsetreprogramado\",\"https:\/\/www.instagram.com\/mindsetreprogramado\/\"]}]}<\/script>\n<!-- \/ Yoast SEO Premium plugin. -->","yoast_head_json":{"title":"Gracias por adquirir el Supercombo Mindset - mindsetreprogramado.com","robots":{"index":"index","follow":"follow","max-snippet":"max-snippet:-1","max-image-preview":"max-image-preview:large","max-video-preview":"max-video-preview:-1"},"canonical":"https:\/\/mindsetreprogramado.com\/es\/gracias-por-adquirir-el-curso-de-mentalidad\/","og_locale":"es_MX","og_type":"article","og_title":"Obrigado por Comprar o Curso Mindset Reprogramado","og_description":"PARAB\u00c9NS pela decis\u00e3o! Acabamos de receber seu pedido! O seu acesso ao \u201cCurso Mindset Reprogramado","og_url":"https:\/\/mindsetreprogramado.com\/es\/gracias-por-adquirir-el-curso-de-mentalidad\/","og_site_name":"mindsetreprogramado.com","article_publisher":"https:\/\/www.facebook.com\/mindsetreprogramado","article_modified_time":"2026-01-18T15:11:40+00:00","og_image":[{"url":"https:\/\/mindsetreprogramado.com\/wp-content\/uploads\/elementor\/thumbs\/confirmado-r87vzvbkt0eyqmk20fdzbdg1nabtinp73i6d52w8t2.jpg","type":"","width":"","height":""}],"twitter_card":"summary_large_image","twitter_misc":{"Tiempo de lectura":"4 minutos"},"schema":{"@context":"https:\/\/schema.org","@graph":[{"@type":"WebPage","@id":"https:\/\/mindsetreprogramado.com\/obg-comprar-curso-mindset\/","url":"https:\/\/mindsetreprogramado.com\/obg-comprar-curso-mindset\/","name":"Gracias por adquirir el Supercombo Mindset - mindsetreprogramado.com","isPartOf":{"@id":"https:\/\/mindsetreprogramado.com\/#website"},"primaryImageOfPage":{"@id":"https:\/\/mindsetreprogramado.com\/obg-comprar-curso-mindset\/#primaryimage"},"image":{"@id":"https:\/\/mindsetreprogramado.com\/obg-comprar-curso-mindset\/#primaryimage"},"thumbnailUrl":"https:\/\/mindsetreprogramado.com\/wp-content\/uploads\/elementor\/thumbs\/confirmado-r87vzvbkt0eyqmk20fdzbdg1nabtinp73i6d52w8t2.jpg","datePublished":"2025-08-31T16:33:26+00:00","dateModified":"2026-01-18T15:11:40+00:00","breadcrumb":{"@id":"https:\/\/mindsetreprogramado.com\/obg-comprar-curso-mindset\/#breadcrumb"},"inLanguage":"es","potentialAction":[{"@type":"ReadAction","target":["https:\/\/mindsetreprogramado.com\/obg-comprar-curso-mindset\/"]}]},{"@type":"ImageObject","inLanguage":"es","@id":"https:\/\/mindsetreprogramado.com\/obg-comprar-curso-mindset\/#primaryimage","url":"https:\/\/mindsetreprogramado.com\/wp-content\/uploads\/elementor\/thumbs\/confirmado-r87vzvbkt0eyqmk20fdzbdg1nabtinp73i6d52w8t2.jpg","contentUrl":"https:\/\/mindsetreprogramado.com\/wp-content\/uploads\/elementor\/thumbs\/confirmado-r87vzvbkt0eyqmk20fdzbdg1nabtinp73i6d52w8t2.jpg"},{"@type":"BreadcrumbList","@id":"https:\/\/mindsetreprogramado.com\/obg-comprar-curso-mindset\/#breadcrumb","itemListElement":[{"@type":"ListItem","position":1,"name":"In\u00edcio","item":"https:\/\/mindsetreprogramado.com\/"},{"@type":"ListItem","position":2,"name":"Obrigado por Comprar o Curso Mindset Reprogramado"}]},{"@type":"WebSite","@id":"https:\/\/mindsetreprogramado.com\/#website","url":"https:\/\/mindsetreprogramado.com\/","name":"Mentalidad reprogramada","description":"","publisher":{"@id":"https:\/\/mindsetreprogramado.com\/#organization"},"potentialAction":[{"@type":"SearchAction","target":{"@type":"EntryPoint","urlTemplate":"https:\/\/mindsetreprogramado.com\/?s={search_term_string}"},"query-input":{"@type":"PropertyValueSpecification","valueRequired":true,"valueName":"search_term_string"}}],"inLanguage":"es"},{"@type":"Organization","@id":"https:\/\/mindsetreprogramado.com\/#organization","name":"Mentalidad reprogramada","url":"https:\/\/mindsetreprogramado.com\/","logo":{"@type":"ImageObject","inLanguage":"es","@id":"https:\/\/mindsetreprogramado.com\/#\/schema\/logo\/image\/","url":"https:\/\/mindsetreprogramado.com\/wp-content\/uploads\/2023\/06\/logo-mindset-reprogramado-350x76pix.png","contentUrl":"https:\/\/mindsetreprogramado.com\/wp-content\/uploads\/2023\/06\/logo-mindset-reprogramado-350x76pix.png","width":350,"height":76,"caption":"Mindset Reprogramado"},"image":{"@id":"https:\/\/mindsetreprogramado.com\/#\/schema\/logo\/image\/"},"sameAs":["https:\/\/www.facebook.com\/mindsetreprogramado","https:\/\/www.instagram.com\/mindsetreprogramado\/"]}]}},"_links":{"self":[{"href":"https:\/\/mindsetreprogramado.com\/es\/wp-json\/wp\/v2\/pages\/1857","targetHints":{"allow":["GET"]}}],"collection":[{"href":"https:\/\/mindsetreprogramado.com\/es\/wp-json\/wp\/v2\/pages"}],"about":[{"href":"https:\/\/mindsetreprogramado.com\/es\/wp-json\/wp\/v2\/types\/page"}],"author":[{"embeddable":true,"href":"https:\/\/mindsetreprogramado.com\/es\/wp-json\/wp\/v2\/users\/1"}],"replies":[{"embeddable":true,"href":"https:\/\/mindsetreprogramado.com\/es\/wp-json\/wp\/v2\/comments?post=1857"}],"version-history":[{"count":4,"href":"https:\/\/mindsetreprogramado.com\/es\/wp-json\/wp\/v2\/pages\/1857\/revisions"}],"predecessor-version":[{"id":2214,"href":"https:\/\/mindsetreprogramado.com\/es\/wp-json\/wp\/v2\/pages\/1857\/revisions\/2214"}],"wp:attachment":[{"href":"https:\/\/mindsetreprogramado.com\/es\/wp-json\/wp\/v2\/media?parent=1857"}],"curies":[{"name":"Gracias","href":"https:\/\/api.w.org\/{rel}","templated":true}]}}