{"id":3,"date":"2023-05-27T00:20:14","date_gmt":"2023-05-27T03:20:14","guid":{"rendered":"http:\/\/mindsetreprogramado.com\/?page_id=3"},"modified":"2023-06-11T13:14:37","modified_gmt":"2023-06-11T16:14:37","slug":"politica-de-privacidad","status":"publish","type":"page","link":"https:\/\/mindsetreprogramado.com\/es\/politica-de-privacidade\/","title":{"rendered":"Pol\u00edtica de privacidad"},"content":{"rendered":"<h2 class=\"wp-block-heading\">Quienes somos<\/h2>\r\n\r\n\r\n\r\n<p>La direcci\u00f3n de nuestra web es: http:\/\/mindsetreprogramado.com.<\/p>\r\n\r\n\r\n\r\n<h2 class=\"wp-block-heading\">Comentarios<\/h2>\r\n\r\n\r\n\r\n<p>Cuando los visitantes dejan comentarios en el sitio, recopilamos los datos que se muestran en el formulario de comentarios, as\u00ed como la direcci\u00f3n IP del visitante y los detalles del navegador para ayudar a la detecci\u00f3n de spam.<\/p>\r\n\r\n\r\n\r\n<p>Se puede enviar una cadena an\u00f3nima creada a partir de su correo electr\u00f3nico (tambi\u00e9n llamada hash) a Gravatar para ver si utiliza el servicio. La pol\u00edtica de privacidad de Gravatar est\u00e1 disponible aqu\u00ed: https:\/\/automattic.com\/privacy\/. Despu\u00e9s de la aprobaci\u00f3n de su comentario, su foto de perfil ser\u00e1 visible p\u00fablicamente junto a su comentario.<\/p>\r\n\r\n\r\n\r\n<h2 class=\"wp-block-heading\">Medios de comunicaci\u00f3n<\/h2>\r\n\r\n\r\n\r\n<p>Si carga im\u00e1genes al sitio, evite cargar im\u00e1genes que contengan datos de ubicaci\u00f3n incrustados (GPS EXIF). Los visitantes pueden descargar estas im\u00e1genes del sitio web y extraer de ellas sus datos de ubicaci\u00f3n.<\/p>\r\n\r\n\r\n\r\n<h2 class=\"wp-block-heading\">Galletas<\/h2>\r\n\r\n\r\n\r\n<p>Al dejar un comentario en el sitio, puede optar por guardar su nombre, correo electr\u00f3nico y sitio web en cookies. Esto es para tu comodidad para que no tengas que volver a completar tus datos cuando dejes otro comentario. Estas cookies duran un a\u00f1o.<\/p>\r\n\r\n\r\n\r\n<p>Si tiene una cuenta y accede a este sitio, se crear\u00e1 una cookie temporal para determinar si su navegador acepta cookies. No contiene ning\u00fan dato personal y ser\u00e1 descartado al cerrar su navegador.<\/p>\r\n\r\n\r\n\r\n<p>Cuando accede a su cuenta en el sitio web, tambi\u00e9n creamos varias cookies para guardar los datos de su cuenta y sus opciones de visualizaci\u00f3n de pantalla. Las cookies de inicio de sesi\u00f3n se conservan durante dos d\u00edas y las cookies de opciones de pantalla durante un a\u00f1o. Si seleccionas \u201cRecordarme\u201d, tu acceso se mantendr\u00e1 durante dos semanas. Si cierra sesi\u00f3n en su cuenta, se eliminar\u00e1n las cookies de inicio de sesi\u00f3n.<\/p>\r\n\r\n\r\n\r\n<p>Si edita o publica un art\u00edculo, se guardar\u00e1 una cookie adicional en su navegador. Esta cookie no incluye ning\u00fan dato personal y simplemente indica el ID de la publicaci\u00f3n del art\u00edculo que acaba de editar. Caduca despu\u00e9s de 1 d\u00eda.<\/p>\r\n\r\n\r\n\r\n<h2 class=\"wp-block-heading\">Medios integrados de otros sitios web<\/h2>\r\n\r\n\r\n\r\n<p>Los art\u00edculos de este sitio pueden incluir contenido incrustado como videos, im\u00e1genes, art\u00edculos, etc. El contenido incrustado de otros sitios web se comporta exactamente igual que si el visitante estuviera visitando el otro sitio web.<\/p>\r\n\r\n\r\n\r\n<p>Estos sitios web pueden recopilar datos sobre usted, utilizar cookies, incorporar seguimiento adicional de terceros y monitorear su interacci\u00f3n con ese contenido incrustado, incluida su interacci\u00f3n con el contenido incrustado si tiene una cuenta y ha iniciado sesi\u00f3n en ese sitio web.<\/p>\r\n\r\n\r\n\r\n<h2 class=\"wp-block-heading\">Con qui\u00e9n compartimos tus datos<\/h2>\r\n\r\n\r\n\r\n<p>Si solicita un restablecimiento de contrase\u00f1a, su direcci\u00f3n IP se incluir\u00e1 en el correo electr\u00f3nico de restablecimiento de contrase\u00f1a.<\/p>\r\n\r\n\r\n\r\n<h2 class=\"wp-block-heading\">\u00bfCu\u00e1nto tiempo conservamos tus datos?<\/h2>\r\n\r\n\r\n\r\n<p>Si deja un comentario, el comentario y sus metadatos se conservan indefinidamente. Hacemos esto para poder reconocer y aprobar autom\u00e1ticamente cualquier comentario posterior en lugar de retenerlos para moderaci\u00f3n.<\/p>\r\n\r\n\r\n\r\n<p>Para los usuarios que se registran en nuestro sitio web (si los hay), tambi\u00e9n almacenamos la informaci\u00f3n personal que proporcionan en su perfil de usuario. Todos los usuarios pueden ver, editar o eliminar su informaci\u00f3n personal en cualquier momento (simplemente no puede cambiar su nombre de usuario). Los administradores del sitio tambi\u00e9n pueden ver y editar esta informaci\u00f3n.<\/p>\r\n\r\n\r\n\r\n<h2 class=\"wp-block-heading\">\u00bfCu\u00e1les son tus derechos sobre tus datos?<\/h2>\r\n\r\n\r\n\r\n<p>Si tiene una cuenta en este sitio o ha dejado comentarios, puede solicitar recibir un archivo exportado de los datos personales que tenemos sobre usted, incluidos los datos que nos haya proporcionado. Tambi\u00e9n puede solicitar que eliminemos cualquier dato personal que tengamos sobre usted. Esto no incluye ning\u00fan dato que estemos obligados a conservar con fines administrativos, legales o de seguridad.<\/p>\r\n\r\n\r\n\r\n<h2 class=\"wp-block-heading\">D\u00f3nde se env\u00edan tus datos<\/h2>\r\n\r\n\r\n\r\n<p>Los comentarios de los visitantes pueden ser marcados por un servicio de detecci\u00f3n autom\u00e1tica de spam.<\/p>","protected":false},"excerpt":{"rendered":"<p>Qui\u00e9nes somos. La direcci\u00f3n de nuestro sitio web es: http:\/\/mindsetreprogramado.com. Comentarios. Cuando los visitantes dejan comentarios.<\/p>","protected":false},"author":1,"featured_media":0,"parent":0,"menu_order":0,"comment_status":"closed","ping_status":"open","template":"","meta":{"om_disable_all_campaigns":false,"footnotes":""},"class_list":["post-3","page","type-page","status-publish","hentry"],"yoast_head":"<!-- This site is optimized with the Yoast SEO Premium plugin v26.8 (Yoast SEO v27.2) - https:\/\/yoast.com\/product\/yoast-seo-premium-wordpress\/ -->\n<title>Pol\u00edtica de privacidade - mindsetreprogramado.com<\/title>\n<meta name=\"robots\" content=\"index, follow, max-snippet:-1, max-image-preview:large, max-video-preview:-1\" \/>\n<link rel=\"canonical\" href=\"https:\/\/mindsetreprogramado.com\/es\/politica-de-privacidad\/\" \/>\n<meta property=\"og:locale\" content=\"es_MX\" \/>\n<meta property=\"og:type\" content=\"article\" \/>\n<meta property=\"og:title\" content=\"Pol\u00edtica de privacidade\" \/>\n<meta property=\"og:description\" content=\"Quem somos O endere\u00e7o do nosso site \u00e9: http:\/\/mindsetreprogramado.com. Coment\u00e1rios Quando os visitantes deixam coment\u00e1rios\" \/>\n<meta property=\"og:url\" content=\"https:\/\/mindsetreprogramado.com\/es\/politica-de-privacidad\/\" \/>\n<meta property=\"og:site_name\" content=\"mindsetreprogramado.com\" \/>\n<meta property=\"article:publisher\" content=\"https:\/\/www.facebook.com\/mindsetreprogramado\" \/>\n<meta property=\"article:modified_time\" content=\"2023-06-11T16:14:37+00:00\" \/>\n<meta name=\"twitter:card\" content=\"summary_large_image\" \/>\n<meta name=\"twitter:label1\" content=\"Tiempo de lectura\" \/>\n\t<meta name=\"twitter:data1\" content=\"4 minutos\" \/>\n<script type=\"application\/ld+json\" class=\"yoast-schema-graph\">{\"@context\":\"https:\/\/schema.org\",\"@graph\":[{\"@type\":\"WebPage\",\"@id\":\"https:\/\/mindsetreprogramado.com\/politica-de-privacidade\/\",\"url\":\"https:\/\/mindsetreprogramado.com\/politica-de-privacidade\/\",\"name\":\"Pol\u00edtica de privacidade - mindsetreprogramado.com\",\"isPartOf\":{\"@id\":\"https:\/\/mindsetreprogramado.com\/#website\"},\"datePublished\":\"2023-05-27T03:20:14+00:00\",\"dateModified\":\"2023-06-11T16:14:37+00:00\",\"breadcrumb\":{\"@id\":\"https:\/\/mindsetreprogramado.com\/politica-de-privacidade\/#breadcrumb\"},\"inLanguage\":\"es\",\"potentialAction\":[{\"@type\":\"ReadAction\",\"target\":[\"https:\/\/mindsetreprogramado.com\/politica-de-privacidade\/\"]}]},{\"@type\":\"BreadcrumbList\",\"@id\":\"https:\/\/mindsetreprogramado.com\/politica-de-privacidade\/#breadcrumb\",\"itemListElement\":[{\"@type\":\"ListItem\",\"position\":1,\"name\":\"In\u00edcio\",\"item\":\"https:\/\/mindsetreprogramado.com\/\"},{\"@type\":\"ListItem\",\"position\":2,\"name\":\"Pol\u00edtica de privacidade\"}]},{\"@type\":\"WebSite\",\"@id\":\"https:\/\/mindsetreprogramado.com\/#website\",\"url\":\"https:\/\/mindsetreprogramado.com\/\",\"name\":\"Mindset Reprogramado\",\"description\":\"\",\"publisher\":{\"@id\":\"https:\/\/mindsetreprogramado.com\/#organization\"},\"potentialAction\":[{\"@type\":\"SearchAction\",\"target\":{\"@type\":\"EntryPoint\",\"urlTemplate\":\"https:\/\/mindsetreprogramado.com\/?s={search_term_string}\"},\"query-input\":{\"@type\":\"PropertyValueSpecification\",\"valueRequired\":true,\"valueName\":\"search_term_string\"}}],\"inLanguage\":\"es\"},{\"@type\":\"Organization\",\"@id\":\"https:\/\/mindsetreprogramado.com\/#organization\",\"name\":\"Mindset Reprogramado\",\"url\":\"https:\/\/mindsetreprogramado.com\/\",\"logo\":{\"@type\":\"ImageObject\",\"inLanguage\":\"es\",\"@id\":\"https:\/\/mindsetreprogramado.com\/#\/schema\/logo\/image\/\",\"url\":\"https:\/\/mindsetreprogramado.com\/wp-content\/uploads\/2023\/06\/logo-mindset-reprogramado-350x76pix.png\",\"contentUrl\":\"https:\/\/mindsetreprogramado.com\/wp-content\/uploads\/2023\/06\/logo-mindset-reprogramado-350x76pix.png\",\"width\":350,\"height\":76,\"caption\":\"Mindset Reprogramado\"},\"image\":{\"@id\":\"https:\/\/mindsetreprogramado.com\/#\/schema\/logo\/image\/\"},\"sameAs\":[\"https:\/\/www.facebook.com\/mindsetreprogramado\",\"https:\/\/www.instagram.com\/mindsetreprogramado\/\"]}]}<\/script>\n<!-- \/ Yoast SEO Premium plugin. -->","yoast_head_json":{"title":"Pol\u00edtica de privacidad - mindsetreprogramado.com","robots":{"index":"index","follow":"follow","max-snippet":"max-snippet:-1","max-image-preview":"max-image-preview:large","max-video-preview":"max-video-preview:-1"},"canonical":"https:\/\/mindsetreprogramado.com\/es\/politica-de-privacidad\/","og_locale":"es_MX","og_type":"article","og_title":"Pol\u00edtica de privacidade","og_description":"Quem somos O endere\u00e7o do nosso site \u00e9: http:\/\/mindsetreprogramado.com. Coment\u00e1rios Quando os visitantes deixam coment\u00e1rios","og_url":"https:\/\/mindsetreprogramado.com\/es\/politica-de-privacidad\/","og_site_name":"mindsetreprogramado.com","article_publisher":"https:\/\/www.facebook.com\/mindsetreprogramado","article_modified_time":"2023-06-11T16:14:37+00:00","twitter_card":"summary_large_image","twitter_misc":{"Tiempo de lectura":"4 minutos"},"schema":{"@context":"https:\/\/schema.org","@graph":[{"@type":"WebPage","@id":"https:\/\/mindsetreprogramado.com\/politica-de-privacidade\/","url":"https:\/\/mindsetreprogramado.com\/politica-de-privacidade\/","name":"Pol\u00edtica de privacidad - mindsetreprogramado.com","isPartOf":{"@id":"https:\/\/mindsetreprogramado.com\/#website"},"datePublished":"2023-05-27T03:20:14+00:00","dateModified":"2023-06-11T16:14:37+00:00","breadcrumb":{"@id":"https:\/\/mindsetreprogramado.com\/politica-de-privacidade\/#breadcrumb"},"inLanguage":"es","potentialAction":[{"@type":"ReadAction","target":["https:\/\/mindsetreprogramado.com\/politica-de-privacidade\/"]}]},{"@type":"BreadcrumbList","@id":"https:\/\/mindsetreprogramado.com\/politica-de-privacidade\/#breadcrumb","itemListElement":[{"@type":"ListItem","position":1,"name":"In\u00edcio","item":"https:\/\/mindsetreprogramado.com\/"},{"@type":"ListItem","position":2,"name":"Pol\u00edtica de privacidade"}]},{"@type":"WebSite","@id":"https:\/\/mindsetreprogramado.com\/#website","url":"https:\/\/mindsetreprogramado.com\/","name":"Mentalidad reprogramada","description":"","publisher":{"@id":"https:\/\/mindsetreprogramado.com\/#organization"},"potentialAction":[{"@type":"SearchAction","target":{"@type":"EntryPoint","urlTemplate":"https:\/\/mindsetreprogramado.com\/?s={search_term_string}"},"query-input":{"@type":"PropertyValueSpecification","valueRequired":true,"valueName":"search_term_string"}}],"inLanguage":"es"},{"@type":"Organization","@id":"https:\/\/mindsetreprogramado.com\/#organization","name":"Mentalidad reprogramada","url":"https:\/\/mindsetreprogramado.com\/","logo":{"@type":"ImageObject","inLanguage":"es","@id":"https:\/\/mindsetreprogramado.com\/#\/schema\/logo\/image\/","url":"https:\/\/mindsetreprogramado.com\/wp-content\/uploads\/2023\/06\/logo-mindset-reprogramado-350x76pix.png","contentUrl":"https:\/\/mindsetreprogramado.com\/wp-content\/uploads\/2023\/06\/logo-mindset-reprogramado-350x76pix.png","width":350,"height":76,"caption":"Mindset Reprogramado"},"image":{"@id":"https:\/\/mindsetreprogramado.com\/#\/schema\/logo\/image\/"},"sameAs":["https:\/\/www.facebook.com\/mindsetreprogramado","https:\/\/www.instagram.com\/mindsetreprogramado\/"]}]}},"_links":{"self":[{"href":"https:\/\/mindsetreprogramado.com\/es\/wp-json\/wp\/v2\/pages\/3","targetHints":{"allow":["GET"]}}],"collection":[{"href":"https:\/\/mindsetreprogramado.com\/es\/wp-json\/wp\/v2\/pages"}],"about":[{"href":"https:\/\/mindsetreprogramado.com\/es\/wp-json\/wp\/v2\/types\/page"}],"author":[{"embeddable":true,"href":"https:\/\/mindsetreprogramado.com\/es\/wp-json\/wp\/v2\/users\/1"}],"replies":[{"embeddable":true,"href":"https:\/\/mindsetreprogramado.com\/es\/wp-json\/wp\/v2\/comments?post=3"}],"version-history":[{"count":1,"href":"https:\/\/mindsetreprogramado.com\/es\/wp-json\/wp\/v2\/pages\/3\/revisions"}],"predecessor-version":[{"id":167,"href":"https:\/\/mindsetreprogramado.com\/es\/wp-json\/wp\/v2\/pages\/3\/revisions\/167"}],"wp:attachment":[{"href":"https:\/\/mindsetreprogramado.com\/es\/wp-json\/wp\/v2\/media?parent=3"}],"curies":[{"name":"Gracias","href":"https:\/\/api.w.org\/{rel}","templated":true}]}}