{"id":508,"date":"2024-01-16T16:37:48","date_gmt":"2024-01-16T19:37:48","guid":{"rendered":"https:\/\/mindsetreprogramado.com\/?page_id=508"},"modified":"2025-07-03T11:44:03","modified_gmt":"2025-07-03T14:44:03","slug":"en","status":"publish","type":"page","link":"https:\/\/mindsetreprogramado.com\/es\/sobre\/","title":{"rendered":"Acerca de"},"content":{"rendered":"<p class=\"_ap3a _aaco _aacu _aacx _aad6 _aade\" dir=\"auto\">PNL, Mindfulness, Psicolog\u00eda Positiva, Neurociencia y Bienestar son temas para ayudar a las personas a cambiar sus pensamientos y comportamientos limitantes.<\/p>\n<p dir=\"auto\">Este es el objetivo de la Mentalidad Reprogramada. Proporcionar contenidos relevantes sobre temas que puedan mejorar el d\u00eda a d\u00eda de nuestros lectores, llev\u00e1ndolos a reflexionar y buscar el autoconocimiento como camino hacia la evoluci\u00f3n.<\/p>\n<h2 dir=\"auto\">Acerca del editor de blogs<\/h2>\n<p><img decoding=\"async\" class=\"wp-image-1664 size-full alignleft\" src=\"https:\/\/mindsetreprogramado.com\/wp-content\/uploads\/2025\/07\/Marcel-Castilho-Vero-Conteudo-e-Ouro.png\" alt=\"Marcelo Castilho\" width=\"150\" height=\"150\" srcset=\"https:\/\/mindsetreprogramado.com\/wp-content\/uploads\/2025\/07\/Marcel-Castilho-Vero-Conteudo-e-Ouro.png 150w, https:\/\/mindsetreprogramado.com\/wp-content\/uploads\/2025\/07\/Marcel-Castilho-Vero-Conteudo-e-Ouro-12x12.png 12w\" sizes=\"(max-width: 150px) 100vw, 150px\" \/><\/p>\n<p>Trabajamos en el alto desempe\u00f1o desde hace m\u00e1s de 30 a\u00f1os, ayudando a m\u00e1s de 1000 empresas a lograr resultados en sus negocios dentro y fuera de Brasil.<\/p>\n<p>Marcel Castilho tiene una Maestr\u00eda en PNL (Programaci\u00f3n Neuroling\u00fc\u00edstica), con posgrados en neurociencia, mindfulness y psicolog\u00eda positiva. Es publicista y licenciado en marketing, con especialidad en inbound marketing y neuromarketing, lo que le llev\u00f3 a estudiar el comportamiento humano a lo largo de su vida profesional.<\/p>\n<p>Su deseo es ayudar a quienes quieran cambiar sus patrones y creencias internas, de la misma manera que \u00e9l lo hizo. Y con \u00e9xito.<\/p>","protected":false},"excerpt":{"rendered":"<p>PNL, Mindfulness, Psicolog\u00eda Positiva, Neurociencia y Bienestar son temas para ayudar a las personas a cambiar<\/p>","protected":false},"author":1,"featured_media":0,"parent":0,"menu_order":0,"comment_status":"closed","ping_status":"closed","template":"","meta":{"om_disable_all_campaigns":false,"footnotes":""},"class_list":["post-508","page","type-page","status-publish","hentry"],"yoast_head":"<!-- This site is optimized with the Yoast SEO Premium plugin v27.4 (Yoast SEO v27.4) - https:\/\/yoast.com\/product\/yoast-seo-premium-wordpress\/ -->\n<title>Sobre - mindsetreprogramado.com<\/title>\n<meta name=\"robots\" content=\"index, follow, max-snippet:-1, max-image-preview:large, max-video-preview:-1\" \/>\n<link rel=\"canonical\" href=\"https:\/\/mindsetreprogramado.com\/es\/en\/\" \/>\n<meta property=\"og:locale\" content=\"es_MX\" \/>\n<meta property=\"og:type\" content=\"article\" \/>\n<meta property=\"og:title\" content=\"Sobre\" \/>\n<meta property=\"og:description\" content=\"PNL, Mindfulness, Psicologia Positiva, Neuroci\u00eancia e Bem-Estar s\u00e3o temas para ajudar as pessoas a mudarem\" \/>\n<meta property=\"og:url\" content=\"https:\/\/mindsetreprogramado.com\/es\/en\/\" \/>\n<meta property=\"og:site_name\" content=\"mindsetreprogramado.com\" \/>\n<meta property=\"article:publisher\" content=\"https:\/\/www.facebook.com\/mindsetreprogramado\" \/>\n<meta property=\"article:modified_time\" content=\"2025-07-03T14:44:03+00:00\" \/>\n<meta property=\"og:image\" content=\"https:\/\/mindsetreprogramado.com\/wp-content\/uploads\/2025\/07\/Marcel-Castilho-Vero-Conteudo-e-Ouro.png\" \/>\n\t<meta property=\"og:image:width\" content=\"150\" \/>\n\t<meta property=\"og:image:height\" content=\"150\" \/>\n\t<meta property=\"og:image:type\" content=\"image\/png\" \/>\n<meta name=\"twitter:card\" content=\"summary_large_image\" \/>\n<meta name=\"twitter:label1\" content=\"Tiempo de lectura\" \/>\n\t<meta name=\"twitter:data1\" content=\"2 minutos\" \/>\n<script type=\"application\/ld+json\" class=\"yoast-schema-graph\">{\"@context\":\"https:\\\/\\\/schema.org\",\"@graph\":[{\"@type\":\"WebPage\",\"@id\":\"https:\\\/\\\/mindsetreprogramado.com\\\/sobre\\\/\",\"url\":\"https:\\\/\\\/mindsetreprogramado.com\\\/sobre\\\/\",\"name\":\"Sobre - mindsetreprogramado.com\",\"isPartOf\":{\"@id\":\"https:\\\/\\\/mindsetreprogramado.com\\\/#website\"},\"primaryImageOfPage\":{\"@id\":\"https:\\\/\\\/mindsetreprogramado.com\\\/sobre\\\/#primaryimage\"},\"image\":{\"@id\":\"https:\\\/\\\/mindsetreprogramado.com\\\/sobre\\\/#primaryimage\"},\"thumbnailUrl\":\"https:\\\/\\\/mindsetreprogramado.com\\\/wp-content\\\/uploads\\\/2025\\\/07\\\/Marcel-Castilho-Vero-Conteudo-e-Ouro.png\",\"datePublished\":\"2024-01-16T19:37:48+00:00\",\"dateModified\":\"2025-07-03T14:44:03+00:00\",\"breadcrumb\":{\"@id\":\"https:\\\/\\\/mindsetreprogramado.com\\\/sobre\\\/#breadcrumb\"},\"inLanguage\":\"es\",\"potentialAction\":[{\"@type\":\"ReadAction\",\"target\":[\"https:\\\/\\\/mindsetreprogramado.com\\\/sobre\\\/\"]}]},{\"@type\":\"ImageObject\",\"inLanguage\":\"es\",\"@id\":\"https:\\\/\\\/mindsetreprogramado.com\\\/sobre\\\/#primaryimage\",\"url\":\"https:\\\/\\\/mindsetreprogramado.com\\\/wp-content\\\/uploads\\\/2025\\\/07\\\/Marcel-Castilho-Vero-Conteudo-e-Ouro.png\",\"contentUrl\":\"https:\\\/\\\/mindsetreprogramado.com\\\/wp-content\\\/uploads\\\/2025\\\/07\\\/Marcel-Castilho-Vero-Conteudo-e-Ouro.png\"},{\"@type\":\"BreadcrumbList\",\"@id\":\"https:\\\/\\\/mindsetreprogramado.com\\\/sobre\\\/#breadcrumb\",\"itemListElement\":[{\"@type\":\"ListItem\",\"position\":1,\"name\":\"In\u00edcio\",\"item\":\"https:\\\/\\\/mindsetreprogramado.com\\\/\"},{\"@type\":\"ListItem\",\"position\":2,\"name\":\"Sobre\"}]},{\"@type\":\"WebSite\",\"@id\":\"https:\\\/\\\/mindsetreprogramado.com\\\/#website\",\"url\":\"https:\\\/\\\/mindsetreprogramado.com\\\/\",\"name\":\"Mindset Reprogramado\",\"description\":\"\",\"publisher\":{\"@id\":\"https:\\\/\\\/mindsetreprogramado.com\\\/#organization\"},\"potentialAction\":[{\"@type\":\"SearchAction\",\"target\":{\"@type\":\"EntryPoint\",\"urlTemplate\":\"https:\\\/\\\/mindsetreprogramado.com\\\/?s={search_term_string}\"},\"query-input\":{\"@type\":\"PropertyValueSpecification\",\"valueRequired\":true,\"valueName\":\"search_term_string\"}}],\"inLanguage\":\"es\"},{\"@type\":\"Organization\",\"@id\":\"https:\\\/\\\/mindsetreprogramado.com\\\/#organization\",\"name\":\"Mindset Reprogramado\",\"url\":\"https:\\\/\\\/mindsetreprogramado.com\\\/\",\"logo\":{\"@type\":\"ImageObject\",\"inLanguage\":\"es\",\"@id\":\"https:\\\/\\\/mindsetreprogramado.com\\\/#\\\/schema\\\/logo\\\/image\\\/\",\"url\":\"https:\\\/\\\/mindsetreprogramado.com\\\/wp-content\\\/uploads\\\/2023\\\/06\\\/logo-mindset-reprogramado-350x76pix.png\",\"contentUrl\":\"https:\\\/\\\/mindsetreprogramado.com\\\/wp-content\\\/uploads\\\/2023\\\/06\\\/logo-mindset-reprogramado-350x76pix.png\",\"width\":350,\"height\":76,\"caption\":\"Mindset Reprogramado\"},\"image\":{\"@id\":\"https:\\\/\\\/mindsetreprogramado.com\\\/#\\\/schema\\\/logo\\\/image\\\/\"},\"sameAs\":[\"https:\\\/\\\/www.facebook.com\\\/mindsetreprogramado\",\"https:\\\/\\\/www.instagram.com\\\/mindsetreprogramado\\\/\"]}]}<\/script>\n<!-- \/ Yoast SEO Premium plugin. -->","yoast_head_json":{"title":"Acerca de - mindsetreprogramado.com","robots":{"index":"index","follow":"follow","max-snippet":"max-snippet:-1","max-image-preview":"max-image-preview:large","max-video-preview":"max-video-preview:-1"},"canonical":"https:\/\/mindsetreprogramado.com\/es\/en\/","og_locale":"es_MX","og_type":"article","og_title":"Sobre","og_description":"PNL, Mindfulness, Psicologia Positiva, Neuroci\u00eancia e Bem-Estar s\u00e3o temas para ajudar as pessoas a mudarem","og_url":"https:\/\/mindsetreprogramado.com\/es\/en\/","og_site_name":"mindsetreprogramado.com","article_publisher":"https:\/\/www.facebook.com\/mindsetreprogramado","article_modified_time":"2025-07-03T14:44:03+00:00","og_image":[{"width":150,"height":150,"url":"https:\/\/mindsetreprogramado.com\/wp-content\/uploads\/2025\/07\/Marcel-Castilho-Vero-Conteudo-e-Ouro.png","type":"image\/png"}],"twitter_card":"summary_large_image","twitter_misc":{"Tiempo de lectura":"2 minutos"},"schema":{"@context":"https:\/\/schema.org","@graph":[{"@type":"WebPage","@id":"https:\/\/mindsetreprogramado.com\/sobre\/","url":"https:\/\/mindsetreprogramado.com\/sobre\/","name":"Acerca de - mindsetreprogramado.com","isPartOf":{"@id":"https:\/\/mindsetreprogramado.com\/#website"},"primaryImageOfPage":{"@id":"https:\/\/mindsetreprogramado.com\/sobre\/#primaryimage"},"image":{"@id":"https:\/\/mindsetreprogramado.com\/sobre\/#primaryimage"},"thumbnailUrl":"https:\/\/mindsetreprogramado.com\/wp-content\/uploads\/2025\/07\/Marcel-Castilho-Vero-Conteudo-e-Ouro.png","datePublished":"2024-01-16T19:37:48+00:00","dateModified":"2025-07-03T14:44:03+00:00","breadcrumb":{"@id":"https:\/\/mindsetreprogramado.com\/sobre\/#breadcrumb"},"inLanguage":"es","potentialAction":[{"@type":"ReadAction","target":["https:\/\/mindsetreprogramado.com\/sobre\/"]}]},{"@type":"ImageObject","inLanguage":"es","@id":"https:\/\/mindsetreprogramado.com\/sobre\/#primaryimage","url":"https:\/\/mindsetreprogramado.com\/wp-content\/uploads\/2025\/07\/Marcel-Castilho-Vero-Conteudo-e-Ouro.png","contentUrl":"https:\/\/mindsetreprogramado.com\/wp-content\/uploads\/2025\/07\/Marcel-Castilho-Vero-Conteudo-e-Ouro.png"},{"@type":"BreadcrumbList","@id":"https:\/\/mindsetreprogramado.com\/sobre\/#breadcrumb","itemListElement":[{"@type":"ListItem","position":1,"name":"In\u00edcio","item":"https:\/\/mindsetreprogramado.com\/"},{"@type":"ListItem","position":2,"name":"Sobre"}]},{"@type":"WebSite","@id":"https:\/\/mindsetreprogramado.com\/#website","url":"https:\/\/mindsetreprogramado.com\/","name":"Mentalidad reprogramada","description":"","publisher":{"@id":"https:\/\/mindsetreprogramado.com\/#organization"},"potentialAction":[{"@type":"SearchAction","target":{"@type":"EntryPoint","urlTemplate":"https:\/\/mindsetreprogramado.com\/?s={search_term_string}"},"query-input":{"@type":"PropertyValueSpecification","valueRequired":true,"valueName":"search_term_string"}}],"inLanguage":"es"},{"@type":"Organization","@id":"https:\/\/mindsetreprogramado.com\/#organization","name":"Mentalidad reprogramada","url":"https:\/\/mindsetreprogramado.com\/","logo":{"@type":"ImageObject","inLanguage":"es","@id":"https:\/\/mindsetreprogramado.com\/#\/schema\/logo\/image\/","url":"https:\/\/mindsetreprogramado.com\/wp-content\/uploads\/2023\/06\/logo-mindset-reprogramado-350x76pix.png","contentUrl":"https:\/\/mindsetreprogramado.com\/wp-content\/uploads\/2023\/06\/logo-mindset-reprogramado-350x76pix.png","width":350,"height":76,"caption":"Mindset Reprogramado"},"image":{"@id":"https:\/\/mindsetreprogramado.com\/#\/schema\/logo\/image\/"},"sameAs":["https:\/\/www.facebook.com\/mindsetreprogramado","https:\/\/www.instagram.com\/mindsetreprogramado\/"]}]}},"_links":{"self":[{"href":"https:\/\/mindsetreprogramado.com\/es\/wp-json\/wp\/v2\/pages\/508","targetHints":{"allow":["GET"]}}],"collection":[{"href":"https:\/\/mindsetreprogramado.com\/es\/wp-json\/wp\/v2\/pages"}],"about":[{"href":"https:\/\/mindsetreprogramado.com\/es\/wp-json\/wp\/v2\/types\/page"}],"author":[{"embeddable":true,"href":"https:\/\/mindsetreprogramado.com\/es\/wp-json\/wp\/v2\/users\/1"}],"replies":[{"embeddable":true,"href":"https:\/\/mindsetreprogramado.com\/es\/wp-json\/wp\/v2\/comments?post=508"}],"version-history":[{"count":5,"href":"https:\/\/mindsetreprogramado.com\/es\/wp-json\/wp\/v2\/pages\/508\/revisions"}],"predecessor-version":[{"id":1665,"href":"https:\/\/mindsetreprogramado.com\/es\/wp-json\/wp\/v2\/pages\/508\/revisions\/1665"}],"wp:attachment":[{"href":"https:\/\/mindsetreprogramado.com\/es\/wp-json\/wp\/v2\/media?parent=508"}],"curies":[{"name":"Gracias","href":"https:\/\/api.w.org\/{rel}","templated":true}]}}